{"id":425,"date":"2023-11-17T13:59:43","date_gmt":"2023-11-17T18:59:43","guid":{"rendered":"https:\/\/menopausicasactivas.com\/?page_id=425"},"modified":"2024-05-11T09:33:50","modified_gmt":"2024-05-11T13:33:50","slug":"politicas-de-privacidad","status":"publish","type":"page","link":"https:\/\/menopausicasactivas.com\/en\/politicas-de-privacidad\/","title":{"rendered":"PRIVACY POLICIES"},"content":{"rendered":"<h2 class=\"wp-block-heading\">Who are we?<\/h2>\n\n\n\n<p class=\"\">Nuestra direcci\u00f3n de sitio web es: https:\/\/menopausicasactivas.com.<\/p>\n\n\n\n<h2 class=\"wp-block-heading\">Comments<\/h2>\n\n\n\n<p class=\"\">When visitors leave comments on the site we collect the data shown in the comments form, as well as the visitor&#039;s IP address and user agent string of the browser to help spam detection.<\/p>\n\n\n\n<p class=\"\">Una cadena an\u00f3nima creada a partir de su direcci\u00f3n de correo electr\u00f3nico (tambi\u00e9n llamada hash) puede ser proporcionada al servicio Gravatar para ver si lo est\u00e1 utilizando. La pol\u00edtica de privacidad del servicio Gravatar est\u00e1 disponible aqu\u00ed: https:\/\/automattic.com\/privacy\/. Despu\u00e9s de la aprobaci\u00f3n de su comentario, su imagen de perfil es visible al p\u00fablico en el contexto de su comentario.<\/p>\n\n\n\n<h2 class=\"wp-block-heading\">Media<\/h2>\n\n\n\n<p class=\"\">If you upload images to the website, you should avoid uploading images with location data embedded (EXIF GPS) included. Visitors to the website can download and extract any data of location of the images on the website.<\/p>\n\n\n\n<h2 class=\"wp-block-heading\">Cookies<\/h2>\n\n\n\n<p class=\"\">If you leave a comment on our site, you can choose to save your name, email address and website in cookies. These are for your convenience so that you do not have to fill in your details again when you leave another comment. These cookies will last for one year.<\/p>\n\n\n\n<p class=\"\">If you visit our login page, we will set a temporary cookie to determine if your browser accepts cookies. This cookie contains no personal data and is discarded when you close your browser.<\/p>\n\n\n\n<p class=\"\">When you log in, we will also set various cookies to save your login information and your screen options. Cookies logon last for two days, and cookie screen options last a year. If you select \u201cremember me\u201d, your login will persist for two weeks. If you log out of your account, the login cookies session will be deleted.<\/p>\n\n\n\n<p class=\"\">If you edit or publish an article, you will save an additional cookie on your browser. This cookie contains no personal data and simply indicates the ID of the publication of the article you just edited. It expires after 1 day.<\/p>\n\n\n\n<h2 class=\"wp-block-heading\">Embedded content from other websites<\/h2>\n\n\n\n<p class=\"\">The articles on this site may include embedded content (e.g. videos, images, articles, etc). Embedded content from other websites behaves in exactly the same way as if the visitor had visited the other website.<\/p>\n\n\n\n<p class=\"\">These websites may collect data about you, use cookies, embed additional follow-up of third parties, and monitor your interaction with that embedded content, including tracking your interaction with the embedded content if you have an account and are logged in to that website.<\/p>\n\n\n\n<h2 class=\"wp-block-heading\">With whom do we share your data?<\/h2>\n\n\n\n<p class=\"\">If you request a password reset, your IP address will be included in the reset email.<\/p>\n\n\n\n<h2 class=\"wp-block-heading\">How long do we keep your data?<\/h2>\n\n\n\n<p class=\"\">If you leave a comment, the comment and its metadata are retained indefinitely. This is so we can recognize and automatically approve any comment back instead of keeping them in a moderation queue.<\/p>\n\n\n\n<p class=\"\">For users that register on our website (if any), we also store the personal information they provide in their user profile. All users can see, edit, or delete their personal information at any time (except they cannot change their username). Website administrators can also see and edit that information.<\/p>\n\n\n\n<h2 class=\"wp-block-heading\">What rights you have over your data?<\/h2>\n\n\n\n<p class=\"\">If you have an account on this site, or have left comments, you can request to receive an exported file of the personal data that we hold about you, including any data you have provided to us. You can also request that we delete any personal data we hold about you. This does not include any data we are obliged to keep for administrative reasons, legal, or security.<\/p>\n\n\n\n<h2 class=\"wp-block-heading\">Where we send your data?<\/h2>\n\n\n\n<p class=\"\">The visitor comments may be checked through an automated spam detection.<\/p>","protected":false},"excerpt":{"rendered":"<p>\u00bfQui\u00e9nes somos? Nuestra direcci\u00f3n de sitio web es: https:\/\/menopausicasactivas.com. Comentarios Cuando los visitantes dejan comentarios en el sitio, recopilamos los datos mostrados en el formulario de comentarios, as\u00ed como la direcci\u00f3n IP del visitante y la cadena de agente de usuario del navegador para ayudar a la detecci\u00f3n de spam. Una cadena an\u00f3nima creada a [&hellip;]<\/p>\n","protected":false},"author":1,"featured_media":0,"parent":0,"menu_order":0,"comment_status":"closed","ping_status":"closed","template":"","meta":{"nf_dc_page":"","_monsterinsights_skip_tracking":false,"_monsterinsights_sitenote_active":false,"_monsterinsights_sitenote_note":"","_monsterinsights_sitenote_category":0,"jetpack_post_was_ever_published":false,"footnotes":""},"class_list":["post-425","page","type-page","status-publish","hentry"],"yoast_head":"<!-- This site is optimized with the Yoast SEO plugin v27.4 - https:\/\/yoast.com\/product\/yoast-seo-wordpress\/ -->\n<title>POL\u00cdTICAS DE PRIVACIDAD - MENOPAUSICAS ACTIVAS<\/title>\n<meta name=\"robots\" content=\"index, follow, max-snippet:-1, max-image-preview:large, max-video-preview:-1\" \/>\n<link rel=\"canonical\" href=\"https:\/\/menopausicasactivas.com\/en\/politicas-de-privacidad\/\" \/>\n<meta property=\"og:locale\" content=\"en_US\" \/>\n<meta property=\"og:type\" content=\"article\" \/>\n<meta property=\"og:title\" content=\"POL\u00cdTICAS DE PRIVACIDAD - MENOPAUSICAS ACTIVAS\" \/>\n<meta property=\"og:description\" content=\"\u00bfQui\u00e9nes somos? Nuestra direcci\u00f3n de sitio web es: https:\/\/menopausicasactivas.com. Comentarios Cuando los visitantes dejan comentarios en el sitio, recopilamos los datos mostrados en el formulario de comentarios, as\u00ed como la direcci\u00f3n IP del visitante y la cadena de agente de usuario del navegador para ayudar a la detecci\u00f3n de spam. Una cadena an\u00f3nima creada a [&hellip;]\" \/>\n<meta property=\"og:url\" content=\"https:\/\/menopausicasactivas.com\/en\/politicas-de-privacidad\/\" \/>\n<meta property=\"og:site_name\" content=\"MENOPAUSICAS ACTIVAS\" \/>\n<meta property=\"article:modified_time\" content=\"2024-05-11T13:33:50+00:00\" \/>\n<meta name=\"twitter:card\" content=\"summary_large_image\" \/>\n<meta name=\"twitter:label1\" content=\"Est. reading time\" \/>\n\t<meta name=\"twitter:data1\" content=\"3 minutes\" \/>\n<script type=\"application\/ld+json\" class=\"yoast-schema-graph\">{\"@context\":\"https:\\\/\\\/schema.org\",\"@graph\":[{\"@type\":\"WebPage\",\"@id\":\"https:\\\/\\\/menopausicasactivas.com\\\/politicas-de-privacidad\\\/\",\"url\":\"https:\\\/\\\/menopausicasactivas.com\\\/politicas-de-privacidad\\\/\",\"name\":\"POL\u00cdTICAS DE PRIVACIDAD - MENOPAUSICAS ACTIVAS\",\"isPartOf\":{\"@id\":\"https:\\\/\\\/menopausicasactivas.com\\\/#website\"},\"datePublished\":\"2023-11-17T18:59:43+00:00\",\"dateModified\":\"2024-05-11T13:33:50+00:00\",\"breadcrumb\":{\"@id\":\"https:\\\/\\\/menopausicasactivas.com\\\/politicas-de-privacidad\\\/#breadcrumb\"},\"inLanguage\":\"en-US\",\"potentialAction\":[{\"@type\":\"ReadAction\",\"target\":[\"https:\\\/\\\/menopausicasactivas.com\\\/politicas-de-privacidad\\\/\"]}]},{\"@type\":\"BreadcrumbList\",\"@id\":\"https:\\\/\\\/menopausicasactivas.com\\\/politicas-de-privacidad\\\/#breadcrumb\",\"itemListElement\":[{\"@type\":\"ListItem\",\"position\":1,\"name\":\"Home\",\"item\":\"https:\\\/\\\/menopausicasactivas.com\\\/\"},{\"@type\":\"ListItem\",\"position\":2,\"name\":\"POL\u00cdTICAS DE PRIVACIDAD\"}]},{\"@type\":\"WebSite\",\"@id\":\"https:\\\/\\\/menopausicasactivas.com\\\/#website\",\"url\":\"https:\\\/\\\/menopausicasactivas.com\\\/\",\"name\":\"MENOPAUSICAS ACTIVAS\",\"description\":\"Nutrici\u00f3n, Salud y Longevidad. Tips para retomar tu vida.\",\"publisher\":{\"@id\":\"https:\\\/\\\/menopausicasactivas.com\\\/#organization\"},\"potentialAction\":[{\"@type\":\"SearchAction\",\"target\":{\"@type\":\"EntryPoint\",\"urlTemplate\":\"https:\\\/\\\/menopausicasactivas.com\\\/?s={search_term_string}\"},\"query-input\":{\"@type\":\"PropertyValueSpecification\",\"valueRequired\":true,\"valueName\":\"search_term_string\"}}],\"inLanguage\":\"en-US\"},{\"@type\":\"Organization\",\"@id\":\"https:\\\/\\\/menopausicasactivas.com\\\/#organization\",\"name\":\"MENOPAUSICAS ACTIVAS\",\"url\":\"https:\\\/\\\/menopausicasactivas.com\\\/\",\"logo\":{\"@type\":\"ImageObject\",\"inLanguage\":\"en-US\",\"@id\":\"https:\\\/\\\/menopausicasactivas.com\\\/#\\\/schema\\\/logo\\\/image\\\/\",\"url\":\"https:\\\/\\\/i0.wp.com\\\/menopausicasactivas.com\\\/wp-content\\\/uploads\\\/2024\\\/06\\\/cropped-Menopausicas-Activas-Logo.png?fit=500%2C500&ssl=1\",\"contentUrl\":\"https:\\\/\\\/i0.wp.com\\\/menopausicasactivas.com\\\/wp-content\\\/uploads\\\/2024\\\/06\\\/cropped-Menopausicas-Activas-Logo.png?fit=500%2C500&ssl=1\",\"width\":500,\"height\":500,\"caption\":\"MENOPAUSICAS ACTIVAS\"},\"image\":{\"@id\":\"https:\\\/\\\/menopausicasactivas.com\\\/#\\\/schema\\\/logo\\\/image\\\/\"}}]}<\/script>\n<!-- \/ Yoast SEO plugin. -->","yoast_head_json":{"title":"POL\u00cdTICAS DE PRIVACIDAD - MENOPAUSICAS ACTIVAS","robots":{"index":"index","follow":"follow","max-snippet":"max-snippet:-1","max-image-preview":"max-image-preview:large","max-video-preview":"max-video-preview:-1"},"canonical":"https:\/\/menopausicasactivas.com\/en\/politicas-de-privacidad\/","og_locale":"en_US","og_type":"article","og_title":"POL\u00cdTICAS DE PRIVACIDAD - MENOPAUSICAS ACTIVAS","og_description":"\u00bfQui\u00e9nes somos? Nuestra direcci\u00f3n de sitio web es: https:\/\/menopausicasactivas.com. Comentarios Cuando los visitantes dejan comentarios en el sitio, recopilamos los datos mostrados en el formulario de comentarios, as\u00ed como la direcci\u00f3n IP del visitante y la cadena de agente de usuario del navegador para ayudar a la detecci\u00f3n de spam. Una cadena an\u00f3nima creada a [&hellip;]","og_url":"https:\/\/menopausicasactivas.com\/en\/politicas-de-privacidad\/","og_site_name":"MENOPAUSICAS ACTIVAS","article_modified_time":"2024-05-11T13:33:50+00:00","twitter_card":"summary_large_image","twitter_misc":{"Est. reading time":"3 minutes"},"schema":{"@context":"https:\/\/schema.org","@graph":[{"@type":"WebPage","@id":"https:\/\/menopausicasactivas.com\/politicas-de-privacidad\/","url":"https:\/\/menopausicasactivas.com\/politicas-de-privacidad\/","name":"POL\u00cdTICAS DE PRIVACIDAD - MENOPAUSICAS ACTIVAS","isPartOf":{"@id":"https:\/\/menopausicasactivas.com\/#website"},"datePublished":"2023-11-17T18:59:43+00:00","dateModified":"2024-05-11T13:33:50+00:00","breadcrumb":{"@id":"https:\/\/menopausicasactivas.com\/politicas-de-privacidad\/#breadcrumb"},"inLanguage":"en-US","potentialAction":[{"@type":"ReadAction","target":["https:\/\/menopausicasactivas.com\/politicas-de-privacidad\/"]}]},{"@type":"BreadcrumbList","@id":"https:\/\/menopausicasactivas.com\/politicas-de-privacidad\/#breadcrumb","itemListElement":[{"@type":"ListItem","position":1,"name":"Home","item":"https:\/\/menopausicasactivas.com\/"},{"@type":"ListItem","position":2,"name":"POL\u00cdTICAS DE PRIVACIDAD"}]},{"@type":"WebSite","@id":"https:\/\/menopausicasactivas.com\/#website","url":"https:\/\/menopausicasactivas.com\/","name":"MENOPAUSICAS ACTIVAS","description":"Nutrition, Health, and Longevity. Tips to take back your life.","publisher":{"@id":"https:\/\/menopausicasactivas.com\/#organization"},"potentialAction":[{"@type":"SearchAction","target":{"@type":"EntryPoint","urlTemplate":"https:\/\/menopausicasactivas.com\/?s={search_term_string}"},"query-input":{"@type":"PropertyValueSpecification","valueRequired":true,"valueName":"search_term_string"}}],"inLanguage":"en-US"},{"@type":"Organization","@id":"https:\/\/menopausicasactivas.com\/#organization","name":"MENOPAUSICAS ACTIVAS","url":"https:\/\/menopausicasactivas.com\/","logo":{"@type":"ImageObject","inLanguage":"en-US","@id":"https:\/\/menopausicasactivas.com\/#\/schema\/logo\/image\/","url":"https:\/\/i0.wp.com\/menopausicasactivas.com\/wp-content\/uploads\/2024\/06\/cropped-Menopausicas-Activas-Logo.png?fit=500%2C500&ssl=1","contentUrl":"https:\/\/i0.wp.com\/menopausicasactivas.com\/wp-content\/uploads\/2024\/06\/cropped-Menopausicas-Activas-Logo.png?fit=500%2C500&ssl=1","width":500,"height":500,"caption":"MENOPAUSICAS ACTIVAS"},"image":{"@id":"https:\/\/menopausicasactivas.com\/#\/schema\/logo\/image\/"}}]}},"jetpack_likes_enabled":true,"jetpack_sharing_enabled":true,"_links":{"self":[{"href":"https:\/\/menopausicasactivas.com\/en\/wp-json\/wp\/v2\/pages\/425","targetHints":{"allow":["GET"]}}],"collection":[{"href":"https:\/\/menopausicasactivas.com\/en\/wp-json\/wp\/v2\/pages"}],"about":[{"href":"https:\/\/menopausicasactivas.com\/en\/wp-json\/wp\/v2\/types\/page"}],"author":[{"embeddable":true,"href":"https:\/\/menopausicasactivas.com\/en\/wp-json\/wp\/v2\/users\/1"}],"replies":[{"embeddable":true,"href":"https:\/\/menopausicasactivas.com\/en\/wp-json\/wp\/v2\/comments?post=425"}],"version-history":[{"count":4,"href":"https:\/\/menopausicasactivas.com\/en\/wp-json\/wp\/v2\/pages\/425\/revisions"}],"predecessor-version":[{"id":597,"href":"https:\/\/menopausicasactivas.com\/en\/wp-json\/wp\/v2\/pages\/425\/revisions\/597"}],"wp:attachment":[{"href":"https:\/\/menopausicasactivas.com\/en\/wp-json\/wp\/v2\/media?parent=425"}],"curies":[{"name":"wp","href":"https:\/\/api.w.org\/{rel}","templated":true}]}}